{"id":347,"date":"2018-06-22T19:10:01","date_gmt":"2018-06-22T18:10:01","guid":{"rendered":"https:\/\/www.imux.de\/?page_id=347"},"modified":"2018-06-22T19:19:48","modified_gmt":"2018-06-22T18:19:48","slug":"anfahrt","status":"publish","type":"page","link":"https:\/\/www.imux.de\/?page_id=347","title":{"rendered":"Anfahrt zur IMUX"},"content":{"rendered":"<p>F\u00fcr Routenplaner hier klicken &#8222;<a target=\"_blank\" href=\"https:\/\/www.openstreetmap.org\/?mlat=50.17950&amp;mlon=8.59852#map=19\/50.17950\/8.59852\">Gr\u00f6\u00dfere Karte anzeigen<\/a>&#8220; und dort\u00a0mit der rechten Maustaste auf den Marker klicken und &#8222;Route nach hier&#8220; w\u00e4hlen.<\/p>\n<p><iframe loading=\"lazy\" width=\"425\" height=\"350\" frameborder=\"0\" scrolling=\"no\" marginheight=\"0\" marginwidth=\"0\" src=\"https:\/\/www.openstreetmap.org\/export\/embed.html?bbox=8.596989512443544%2C50.17885115103721%2C8.600044548511507%2C50.18015827890416&amp;layer=mapnik&amp;marker=50.179504719441375%2C8.598517030477524\" style=\"border: 1px solid black\"><\/iframe><br \/><small><a href=\"https:\/\/www.openstreetmap.org\/?mlat=50.17950&amp;mlon=8.59852#map=19\/50.17950\/8.59852\">Gr\u00f6\u00dfere Karte anzeigen<\/a><\/small><\/p>\n","protected":false},"excerpt":{"rendered":"<p>F\u00fcr Routenplaner hier klicken &#8222;Gr\u00f6\u00dfere Karte anzeigen&#8220; und dort\u00a0mit der rechten Maustaste auf den Marker klicken und &#8222;Route nach hier&#8220; w\u00e4hlen. Gr\u00f6\u00dfere Karte anzeigen<\/p>\n","protected":false},"author":1,"featured_media":0,"parent":0,"menu_order":0,"comment_status":"closed","ping_status":"closed","template":"","meta":{"footnotes":""},"class_list":["post-347","page","type-page","status-publish","hentry"],"_links":{"self":[{"href":"https:\/\/www.imux.de\/index.php?rest_route=\/wp\/v2\/pages\/347","targetHints":{"allow":["GET"]}}],"collection":[{"href":"https:\/\/www.imux.de\/index.php?rest_route=\/wp\/v2\/pages"}],"about":[{"href":"https:\/\/www.imux.de\/index.php?rest_route=\/wp\/v2\/types\/page"}],"author":[{"embeddable":true,"href":"https:\/\/www.imux.de\/index.php?rest_route=\/wp\/v2\/users\/1"}],"replies":[{"embeddable":true,"href":"https:\/\/www.imux.de\/index.php?rest_route=%2Fwp%2Fv2%2Fcomments&post=347"}],"version-history":[{"count":7,"href":"https:\/\/www.imux.de\/index.php?rest_route=\/wp\/v2\/pages\/347\/revisions"}],"predecessor-version":[{"id":356,"href":"https:\/\/www.imux.de\/index.php?rest_route=\/wp\/v2\/pages\/347\/revisions\/356"}],"wp:attachment":[{"href":"https:\/\/www.imux.de\/index.php?rest_route=%2Fwp%2Fv2%2Fmedia&parent=347"}],"curies":[{"name":"wp","href":"https:\/\/api.w.org\/{rel}","templated":true}]}}